{"id":48501,"date":"2024-01-22T21:04:45","date_gmt":"2024-01-22T18:04:45","guid":{"rendered":"https:\/\/alfa-tasarim.com.tr\/impatek\/?page_id=48501"},"modified":"2024-01-22T22:03:49","modified_gmt":"2024-01-22T19:03:49","slug":"isletme-bakim","status":"publish","type":"page","link":"https:\/\/www.impatek.com.tr\/index.php\/hizmetlerimiz\/isletme-bakim\/","title":{"rendered":"\u0130\u015fletme &#8211; Bak\u0131m"},"content":{"rendered":"\t\t<div data-elementor-type=\"wp-page\" data-elementor-id=\"48501\" class=\"elementor elementor-48501\" data-elementor-post-type=\"page\">\n\t\t\t\t\t\t\t<div class=\"elementor-element elementor-element-b9df175 e-flex e-con-boxed e-con e-parent\" data-id=\"b9df175\" data-element_type=\"container\" data-settings=\"{&quot;content_width&quot;:&quot;boxed&quot;}\" data-core-v316-plus=\"true\">\n\t\t\t\t\t<div class=\"e-con-inner\">\n\t\t\t\t<div class=\"elementor-element elementor-element-c1f45c4 elementor-widget elementor-widget-gallery\" data-id=\"c1f45c4\" data-element_type=\"widget\" data-settings=\"{&quot;overlay_title&quot;:&quot;title&quot;,&quot;overlay_description&quot;:&quot;alt&quot;,&quot;lazyload&quot;:&quot;yes&quot;,&quot;gallery_layout&quot;:&quot;grid&quot;,&quot;columns&quot;:4,&quot;columns_tablet&quot;:2,&quot;columns_mobile&quot;:1,&quot;gap&quot;:{&quot;unit&quot;:&quot;px&quot;,&quot;size&quot;:10,&quot;sizes&quot;:[]},&quot;gap_tablet&quot;:{&quot;unit&quot;:&quot;px&quot;,&quot;size&quot;:10,&quot;sizes&quot;:[]},&quot;gap_mobile&quot;:{&quot;unit&quot;:&quot;px&quot;,&quot;size&quot;:10,&quot;sizes&quot;:[]},&quot;link_to&quot;:&quot;file&quot;,&quot;aspect_ratio&quot;:&quot;3:2&quot;,&quot;overlay_background&quot;:&quot;yes&quot;,&quot;content_hover_animation&quot;:&quot;fade-in&quot;}\" data-widget_type=\"gallery.default\">\n\t\t\t\t<div class=\"elementor-widget-container\">\n\t\t\t<style>\/*! elementor-pro - v3.18.0 - 20-12-2023 *\/\n.elementor-gallery__container{min-height:1px}.elementor-gallery-item{position:relative;overflow:hidden;display:block;text-decoration:none;border:solid var(--image-border-width) var(--image-border-color);border-radius:var(--image-border-radius)}.elementor-gallery-item__content,.elementor-gallery-item__overlay{height:100%;width:100%;position:absolute;top:0;left:0}.elementor-gallery-item__overlay{mix-blend-mode:var(--overlay-mix-blend-mode);transition-duration:var(--overlay-transition-duration);transition-property:mix-blend-mode,transform,opacity,background-color}.elementor-gallery-item__image.e-gallery-image{transition-duration:var(--image-transition-duration);transition-property:filter,transform}.elementor-gallery-item__content{display:flex;flex-direction:column;justify-content:var(--content-justify-content,center);align-items:center;text-align:var(--content-text-align);padding:var(--content-padding)}.elementor-gallery-item__content>div{transition-duration:var(--content-transition-duration)}.elementor-gallery-item__content.elementor-gallery--sequenced-animation>div:nth-child(2){transition-delay:calc(var(--content-transition-delay) \/ 3)}.elementor-gallery-item__content.elementor-gallery--sequenced-animation>div:nth-child(3){transition-delay:calc(var(--content-transition-delay) \/ 3 * 2)}.elementor-gallery-item__content.elementor-gallery--sequenced-animation>div:nth-child(4){transition-delay:calc(var(--content-transition-delay) \/ 3 * 3)}.elementor-gallery-item__description{color:var(--description-text-color,#fff);width:100%}.elementor-gallery-item__title{color:var(--title-text-color,#fff);font-weight:700;width:100%}.elementor-gallery__titles-container{display:flex;flex-wrap:wrap;justify-content:var(--titles-container-justify-content,center);margin-bottom:20px}.elementor-gallery__titles-container:not(.e--pointer-framed) .elementor-item:after,.elementor-gallery__titles-container:not(.e--pointer-framed) .elementor-item:before{background-color:var(--galleries-pointer-bg-color-hover)}.elementor-gallery__titles-container:not(.e--pointer-framed) .elementor-item.elementor-item-active:after,.elementor-gallery__titles-container:not(.e--pointer-framed) .elementor-item.elementor-item-active:before{background-color:var(--galleries-pointer-bg-color-active)}.elementor-gallery__titles-container.e--pointer-framed .elementor-item:before{border-color:var(--galleries-pointer-bg-color-hover);border-width:var(--galleries-pointer-border-width)}.elementor-gallery__titles-container.e--pointer-framed .elementor-item:after{border-color:var(--galleries-pointer-bg-color-hover)}.elementor-gallery__titles-container.e--pointer-framed .elementor-item.elementor-item-active:after,.elementor-gallery__titles-container.e--pointer-framed .elementor-item.elementor-item-active:before{border-color:var(--galleries-pointer-bg-color-active)}.elementor-gallery__titles-container.e--pointer-framed.e--animation-draw .elementor-item:before{border-left-width:var(--galleries-pointer-border-width);border-bottom-width:var(--galleries-pointer-border-width);border-right-width:0;border-top-width:0}.elementor-gallery__titles-container.e--pointer-framed.e--animation-draw .elementor-item:after{border-left-width:0;border-bottom-width:0;border-right-width:var(--galleries-pointer-border-width);border-top-width:var(--galleries-pointer-border-width)}.elementor-gallery__titles-container.e--pointer-framed.e--animation-corners .elementor-item:before{border-left-width:var(--galleries-pointer-border-width);border-bottom-width:0;border-right-width:0;border-top-width:var(--galleries-pointer-border-width)}.elementor-gallery__titles-container.e--pointer-framed.e--animation-corners .elementor-item:after{border-left-width:0;border-bottom-width:var(--galleries-pointer-border-width);border-right-width:var(--galleries-pointer-border-width);border-top-width:0}.elementor-gallery__titles-container .e--pointer-double-line .elementor-item:after,.elementor-gallery__titles-container .e--pointer-double-line .elementor-item:before,.elementor-gallery__titles-container .e--pointer-overline .elementor-item:before,.elementor-gallery__titles-container .e--pointer-underline .elementor-item:after{height:var(--galleries-pointer-border-width)}.elementor-gallery-title{--space-between:10px;cursor:pointer;color:#6d7882;font-weight:500;position:relative;padding:7px 14px;transition:all .3s}.elementor-gallery-title--active{color:#495157}.elementor-gallery-title:not(:last-child){margin-right:var(--space-between)}.elementor-gallery-item__title+.elementor-gallery-item__description{margin-top:var(--description-margin-top)}.e-gallery-item.elementor-gallery-item{transition-property:all}.e-gallery-item.elementor-animated-content .elementor-animated-item--enter-from-bottom,.e-gallery-item.elementor-animated-content .elementor-animated-item--enter-from-left,.e-gallery-item.elementor-animated-content .elementor-animated-item--enter-from-right,.e-gallery-item.elementor-animated-content .elementor-animated-item--enter-from-top,.e-gallery-item:focus .elementor-gallery__item-overlay-bg,.e-gallery-item:focus .elementor-gallery__item-overlay-content,.e-gallery-item:focus .elementor-gallery__item-overlay-content__description,.e-gallery-item:focus .elementor-gallery__item-overlay-content__title,.e-gallery-item:hover .elementor-gallery__item-overlay-bg,.e-gallery-item:hover .elementor-gallery__item-overlay-content,.e-gallery-item:hover .elementor-gallery__item-overlay-content__description,.e-gallery-item:hover .elementor-gallery__item-overlay-content__title{opacity:1}a.elementor-item.elementor-gallery-title{color:var(--galleries-title-color-normal)}a.elementor-item.elementor-gallery-title.elementor-item-active,a.elementor-item.elementor-gallery-title.highlighted,a.elementor-item.elementor-gallery-title:focus,a.elementor-item.elementor-gallery-title:hover{color:var(--galleries-title-color-hover)}a.elementor-item.elementor-gallery-title.elementor-item-active{color:var(--gallery-title-color-active)}.e-con-inner>.elementor-widget-gallery,.e-con>.elementor-widget-gallery{width:var(--container-widget-width);--flex-grow:var(--container-widget-flex-grow)}<\/style>\t\t<div class=\"elementor-gallery__container\">\n\t\t\t\t\t\t\t<a class=\"e-gallery-item elementor-gallery-item elementor-animated-content\" href=\"https:\/\/www.impatek.com.tr\/wp-content\/uploads\/2024\/01\/ACIK-TIP-SALTER-scaled.jpg\" data-elementor-open-lightbox=\"yes\" data-elementor-lightbox-slideshow=\"c1f45c4\" data-elementor-lightbox-title=\"A\u00c7IK T\u0130P \u015eALTER\" data-elementor-lightbox-description=\"A\u00c7IK T\u0130P \u015eALTER\" data-e-action-hash=\"#elementor-action%3Aaction%3Dlightbox%26settings%3DeyJpZCI6NDg1NDcsInVybCI6Imh0dHBzOlwvXC93d3cuaW1wYXRlay5jb20udHJcL3dwLWNvbnRlbnRcL3VwbG9hZHNcLzIwMjRcLzAxXC9BQ0lLLVRJUC1TQUxURVItc2NhbGVkLmpwZyIsInNsaWRlc2hvdyI6ImMxZjQ1YzQifQ%3D%3D\">\n\t\t\t\t\t<div class=\"e-gallery-image elementor-gallery-item__image\" data-thumbnail=\"https:\/\/www.impatek.com.tr\/wp-content\/uploads\/2024\/01\/ACIK-TIP-SALTER-225x300.jpg\" data-width=\"225\" data-height=\"300\" aria-label=\"\" role=\"img\" ><\/div>\n\t\t\t\t\t\t\t\t\t\t\t<div class=\"elementor-gallery-item__overlay\"><\/div>\n\t\t\t\t\t\t\t\t\t\t\t\t\t\t\t<div class=\"elementor-gallery-item__content\">\n\t\t\t\t\t\t\t\t\t\t\t\t\t\t<div class=\"elementor-gallery-item__title\">\n\t\t\t\t\t\t\t\t\t\t\t\t\t\t\t\t\t\tA\u00c7IK T\u0130P \u015eALTER\t\t\t\t\t\t\t\t<\/div>\n\t\t\t\t\t\t\t\t\t\t\t\t<\/div>\n\t\t\t\t\t\t\t\t\t<\/a>\n\t\t\t\t\t\t\t<a class=\"e-gallery-item elementor-gallery-item elementor-animated-content\" href=\"https:\/\/www.impatek.com.tr\/wp-content\/uploads\/2024\/01\/ALTIN-MADENI-scaled.jpg\" data-elementor-open-lightbox=\"yes\" data-elementor-lightbox-slideshow=\"c1f45c4\" data-elementor-lightbox-title=\"ALTIN MADEN\u0130\" data-elementor-lightbox-description=\"ALTIN MADEN\u0130\" data-e-action-hash=\"#elementor-action%3Aaction%3Dlightbox%26settings%3DeyJpZCI6NDg1NDgsInVybCI6Imh0dHBzOlwvXC93d3cuaW1wYXRlay5jb20udHJcL3dwLWNvbnRlbnRcL3VwbG9hZHNcLzIwMjRcLzAxXC9BTFRJTi1NQURFTkktc2NhbGVkLmpwZyIsInNsaWRlc2hvdyI6ImMxZjQ1YzQifQ%3D%3D\">\n\t\t\t\t\t<div class=\"e-gallery-image elementor-gallery-item__image\" data-thumbnail=\"https:\/\/www.impatek.com.tr\/wp-content\/uploads\/2024\/01\/ALTIN-MADENI-300x225.jpg\" data-width=\"300\" data-height=\"225\" aria-label=\"\" role=\"img\" ><\/div>\n\t\t\t\t\t\t\t\t\t\t\t<div class=\"elementor-gallery-item__overlay\"><\/div>\n\t\t\t\t\t\t\t\t\t\t\t\t\t\t\t<div class=\"elementor-gallery-item__content\">\n\t\t\t\t\t\t\t\t\t\t\t\t\t\t<div class=\"elementor-gallery-item__title\">\n\t\t\t\t\t\t\t\t\t\t\t\t\t\t\t\t\t\tALTIN MADEN\u0130\t\t\t\t\t\t\t\t<\/div>\n\t\t\t\t\t\t\t\t\t\t\t\t<\/div>\n\t\t\t\t\t\t\t\t\t<\/a>\n\t\t\t\t\t\t\t<a class=\"e-gallery-item elementor-gallery-item elementor-animated-content\" href=\"https:\/\/www.impatek.com.tr\/wp-content\/uploads\/2024\/01\/BAKIM-scaled.jpg\" data-elementor-open-lightbox=\"yes\" data-elementor-lightbox-slideshow=\"c1f45c4\" data-elementor-lightbox-title=\"BAKIM\" data-elementor-lightbox-description=\"BAKIM\" data-e-action-hash=\"#elementor-action%3Aaction%3Dlightbox%26settings%3DeyJpZCI6NDg1NTAsInVybCI6Imh0dHBzOlwvXC93d3cuaW1wYXRlay5jb20udHJcL3dwLWNvbnRlbnRcL3VwbG9hZHNcLzIwMjRcLzAxXC9CQUtJTS1zY2FsZWQuanBnIiwic2xpZGVzaG93IjoiYzFmNDVjNCJ9\">\n\t\t\t\t\t<div class=\"e-gallery-image elementor-gallery-item__image\" data-thumbnail=\"https:\/\/www.impatek.com.tr\/wp-content\/uploads\/2024\/01\/BAKIM-225x300.jpg\" data-width=\"225\" data-height=\"300\" aria-label=\"\" role=\"img\" ><\/div>\n\t\t\t\t\t\t\t\t\t\t\t<div class=\"elementor-gallery-item__overlay\"><\/div>\n\t\t\t\t\t\t\t\t\t\t\t\t\t\t\t<div class=\"elementor-gallery-item__content\">\n\t\t\t\t\t\t\t\t\t\t\t\t\t\t<div class=\"elementor-gallery-item__title\">\n\t\t\t\t\t\t\t\t\t\t\t\t\t\t\t\t\t\tBAKIM\t\t\t\t\t\t\t\t<\/div>\n\t\t\t\t\t\t\t\t\t\t\t\t<\/div>\n\t\t\t\t\t\t\t\t\t<\/a>\n\t\t\t\t\t\t\t<a class=\"e-gallery-item elementor-gallery-item elementor-animated-content\" href=\"https:\/\/www.impatek.com.tr\/wp-content\/uploads\/2024\/01\/GHC-PANEL-scaled.jpg\" data-elementor-open-lightbox=\"yes\" data-elementor-lightbox-slideshow=\"c1f45c4\" data-elementor-lightbox-title=\"GHC PANEL\" data-elementor-lightbox-description=\"GHC PANEL\" data-e-action-hash=\"#elementor-action%3Aaction%3Dlightbox%26settings%3DeyJpZCI6NDg1NTEsInVybCI6Imh0dHBzOlwvXC93d3cuaW1wYXRlay5jb20udHJcL3dwLWNvbnRlbnRcL3VwbG9hZHNcLzIwMjRcLzAxXC9HSEMtUEFORUwtc2NhbGVkLmpwZyIsInNsaWRlc2hvdyI6ImMxZjQ1YzQifQ%3D%3D\">\n\t\t\t\t\t<div class=\"e-gallery-image elementor-gallery-item__image\" data-thumbnail=\"https:\/\/www.impatek.com.tr\/wp-content\/uploads\/2024\/01\/GHC-PANEL-300x225.jpg\" data-width=\"300\" data-height=\"225\" aria-label=\"\" role=\"img\" ><\/div>\n\t\t\t\t\t\t\t\t\t\t\t<div class=\"elementor-gallery-item__overlay\"><\/div>\n\t\t\t\t\t\t\t\t\t\t\t\t\t\t\t<div class=\"elementor-gallery-item__content\">\n\t\t\t\t\t\t\t\t\t\t\t\t\t\t<div class=\"elementor-gallery-item__title\">\n\t\t\t\t\t\t\t\t\t\t\t\t\t\t\t\t\t\tGHC PANEL\t\t\t\t\t\t\t\t<\/div>\n\t\t\t\t\t\t\t\t\t\t\t\t<\/div>\n\t\t\t\t\t\t\t\t\t<\/a>\n\t\t\t\t\t<\/div>\n\t\t\t<\/div>\n\t\t\t\t<\/div>\n\t\t\t\t\t<\/div>\n\t\t\t\t<\/div>\n\t\t<div class=\"elementor-element elementor-element-660fee5 e-flex e-con-boxed e-con e-parent\" data-id=\"660fee5\" data-element_type=\"container\" data-settings=\"{&quot;content_width&quot;:&quot;boxed&quot;}\" data-core-v316-plus=\"true\">\n\t\t\t\t\t<div class=\"e-con-inner\">\n\t\t\t\t<div class=\"elementor-element elementor-element-da076f4 elementor-widget elementor-widget-text-editor\" data-id=\"da076f4\" data-element_type=\"widget\" data-widget_type=\"text-editor.default\">\n\t\t\t\t<div class=\"elementor-widget-container\">\n\t\t\t<style>\/*! elementor - v3.18.0 - 20-12-2023 *\/\n.elementor-widget-text-editor.elementor-drop-cap-view-stacked .elementor-drop-cap{background-color:#69727d;color:#fff}.elementor-widget-text-editor.elementor-drop-cap-view-framed .elementor-drop-cap{color:#69727d;border:3px solid;background-color:transparent}.elementor-widget-text-editor:not(.elementor-drop-cap-view-default) .elementor-drop-cap{margin-top:8px}.elementor-widget-text-editor:not(.elementor-drop-cap-view-default) .elementor-drop-cap-letter{width:1em;height:1em}.elementor-widget-text-editor .elementor-drop-cap{float:left;text-align:center;line-height:1;font-size:50px}.elementor-widget-text-editor .elementor-drop-cap-letter{display:inline-block}<\/style>\t\t\t\t<p>Elektrik panolar\u0131n\u0131n d\u00fczenli i\u015fletme ve bak\u0131m\u0131, g\u00fcvenli ve s\u00fcrekli bir elektrik sistemi sa\u011flamak i\u00e7in \u00f6nemlidir. \u0130\u015fte elektrik panolar\u0131n\u0131n i\u015fletme ve bak\u0131m\u0131 i\u00e7in genel ad\u0131mlar:<\/p><h3>\u0130\u015fletme:<\/h3><p><strong>\u0130zleme ve G\u00fcnl\u00fck Kontroller:<\/strong><\/p><ul><li style=\"list-style-type: none;\"><ul><li>Panodaki g\u00f6stergeleri, ekranlar\u0131 ve di\u011fer izleme cihazlar\u0131n\u0131 d\u00fczenli olarak kontrol edin.<\/li><li>Herhangi bir anormal durumu belirlemek i\u00e7in g\u00fcnl\u00fck kontroller yap\u0131n.<\/li><\/ul><\/li><\/ul><p><strong>Personel E\u011fitimi:<\/strong><\/p><ul><li style=\"list-style-type: none;\"><ul><li>Panoyu i\u015flemekle g\u00f6revli personel, panonun \u00e7al\u0131\u015fma prensipleri ve g\u00fcvenlik prosed\u00fcrleri konusunda e\u011fitilmelidir.<\/li><\/ul><\/li><\/ul><p><strong>\u00c7al\u0131\u015fma Durumlar\u0131:<\/strong><\/p><ul><li style=\"list-style-type: none;\"><ul><li>Panonun \u00e7al\u0131\u015fma durumunu d\u00fczenli olarak kontrol edin.<\/li><li>\u0130lgili ekipmanlar\u0131n uygun bir \u015fekilde \u00e7al\u0131\u015ft\u0131\u011f\u0131ndan emin olun.<\/li><\/ul><\/li><\/ul><p><strong>Acil Durum Haz\u0131rl\u0131klar\u0131:<\/strong><\/p><ul><li style=\"list-style-type: none;\"><ul><li>Acil durumlar\u0131n y\u00f6netimi i\u00e7in gerekli ekipman ve prosed\u00fcrleri belirleyin.<\/li><li>Personeli acil durumlar konusunda e\u011fitin ve tatbikatlar d\u00fczenleyin.<\/li><\/ul><\/li><\/ul><p><strong>Sistem De\u011fi\u015fiklikleri ve G\u00fcncellemeler:<\/strong><\/p><ul><li style=\"list-style-type: none;\"><ul><li>Elektrik sistemine yap\u0131lan herhangi bir de\u011fi\u015fiklik veya g\u00fcncellemeyi dikkatlice y\u00f6netin.<\/li><li>G\u00fcncellemelerin ve de\u011fi\u015fikliklerin g\u00fcvenli oldu\u011fundan emin olun.<\/li><\/ul><\/li><\/ul><h3>Bak\u0131m:<\/h3><p><strong>Temizlik:<\/strong><\/p><ul><li style=\"list-style-type: none;\"><ul><li>Panoyu d\u00fczenli aral\u0131klarla temizleyin.<\/li><li>Toz ve kirlili\u011fin ekipman \u00fczerinde birikmesini \u00f6nleyin.<\/li><\/ul><\/li><\/ul><p><strong>Ba\u011flant\u0131 Kontrolleri:<\/strong><\/p><ul><li style=\"list-style-type: none;\"><ul><li>Panodaki ba\u011flant\u0131lar\u0131 periyodik olarak kontrol edin.<\/li><li>Gev\u015fek veya a\u015f\u0131nm\u0131\u015f ba\u011flant\u0131lar\u0131 d\u00fczeltin.<\/li><\/ul><\/li><\/ul><p><strong>So\u011futma Sistemleri:<\/strong><\/p><ul><li style=\"list-style-type: none;\"><ul><li>Panoda bulunan so\u011futma sistemlerini (fanlar, so\u011futma \u00fcniteleri) d\u00fczenli olarak kontrol edin ve temizleyin.<\/li><\/ul><\/li><\/ul><p><strong>Koruma Cihazlar\u0131:<\/strong><\/p><ul><li style=\"list-style-type: none;\"><ul><li>Korumalar\u0131 ve kesicileri d\u00fczenli olarak test edin.<\/li><li>\u00c7al\u0131\u015fma durumlar\u0131n\u0131 kontrol edin ve gerekti\u011finde de\u011fi\u015ftirin.<\/li><\/ul><\/li><\/ul><p><strong>Yedek Par\u00e7a Depolama:<\/strong><\/p><ul><li style=\"list-style-type: none;\"><ul><li>Kritik par\u00e7alar\u0131 ve yedek ekipmanlar\u0131 depolay\u0131n.<\/li><li>H\u0131zl\u0131 bir \u015fekilde m\u00fcdahale edebilmek i\u00e7in gerekli yedek par\u00e7alar\u0131n bulundu\u011fundan emin olun.<\/li><\/ul><\/li><\/ul><p><strong>Belgelendirme:<\/strong><\/p><ul><li style=\"list-style-type: none;\"><ul><li>Bak\u0131m i\u015flemleri ve yap\u0131lan de\u011fi\u015fiklikler belgelenmelidir.<\/li><li>Panoyla ilgili \u015femalar ve bilgiler g\u00fcncel tutulmal\u0131d\u0131r.<\/li><\/ul><\/li><\/ul><p>Elektrik panolar\u0131n\u0131n d\u00fczenli i\u015fletme ve bak\u0131m\u0131, sistem g\u00fcvenilirli\u011fini art\u0131r\u0131r ve ar\u0131za riskini azalt\u0131r. Bu i\u015flemler, i\u015fletme s\u00fcreklili\u011fini sa\u011flamak ve g\u00fcvenli bir \u00e7al\u0131\u015fma ortam\u0131 olu\u015fturmak ad\u0131na \u00f6nemlidir.<\/p>\t\t\t\t\t\t<\/div>\n\t\t\t\t<\/div>\n\t\t\t\t\t<\/div>\n\t\t\t\t<\/div>\n\t\t\t\t\t\t\t<\/div>\n\t\t","protected":false},"excerpt":{"rendered":"<p>A\u00c7IK T\u0130P \u015eALTER ALTIN MADEN\u0130 BAKIM GHC PANEL Elektrik panolar\u0131n\u0131n d\u00fczenli i\u015fletme ve bak\u0131m\u0131, g\u00fcvenli ve s\u00fcrekli bir elektrik sistemi&#8230;<\/p>\n","protected":false},"author":1,"featured_media":0,"parent":48484,"menu_order":0,"comment_status":"closed","ping_status":"closed","template":"","meta":{"footnotes":""},"class_list":["post-48501","page","type-page","status-publish","hentry"],"_links":{"self":[{"href":"https:\/\/www.impatek.com.tr\/index.php\/wp-json\/wp\/v2\/pages\/48501","targetHints":{"allow":["GET"]}}],"collection":[{"href":"https:\/\/www.impatek.com.tr\/index.php\/wp-json\/wp\/v2\/pages"}],"about":[{"href":"https:\/\/www.impatek.com.tr\/index.php\/wp-json\/wp\/v2\/types\/page"}],"author":[{"embeddable":true,"href":"https:\/\/www.impatek.com.tr\/index.php\/wp-json\/wp\/v2\/users\/1"}],"replies":[{"embeddable":true,"href":"https:\/\/www.impatek.com.tr\/index.php\/wp-json\/wp\/v2\/comments?post=48501"}],"version-history":[{"count":7,"href":"https:\/\/www.impatek.com.tr\/index.php\/wp-json\/wp\/v2\/pages\/48501\/revisions"}],"predecessor-version":[{"id":48621,"href":"https:\/\/www.impatek.com.tr\/index.php\/wp-json\/wp\/v2\/pages\/48501\/revisions\/48621"}],"up":[{"embeddable":true,"href":"https:\/\/www.impatek.com.tr\/index.php\/wp-json\/wp\/v2\/pages\/48484"}],"wp:attachment":[{"href":"https:\/\/www.impatek.com.tr\/index.php\/wp-json\/wp\/v2\/media?parent=48501"}],"curies":[{"name":"wp","href":"https:\/\/api.w.org\/{rel}","templated":true}]}}