{"id":48495,"date":"2024-01-22T21:04:05","date_gmt":"2024-01-22T18:04:05","guid":{"rendered":"https:\/\/alfa-tasarim.com.tr\/impatek\/?page_id=48495"},"modified":"2024-01-22T22:06:24","modified_gmt":"2024-01-22T19:06:24","slug":"proje-danismanligi","status":"publish","type":"page","link":"https:\/\/www.impatek.com.tr\/index.php\/hizmetlerimiz\/proje-danismanligi\/","title":{"rendered":"Proje Dan\u0131\u015fmanl\u0131\u011f\u0131"},"content":{"rendered":"\t\t<div data-elementor-type=\"wp-page\" data-elementor-id=\"48495\" class=\"elementor elementor-48495\" data-elementor-post-type=\"page\">\n\t\t\t\t\t\t\t<div class=\"elementor-element elementor-element-e27767b e-flex e-con-boxed e-con e-parent\" data-id=\"e27767b\" data-element_type=\"container\" data-settings=\"{&quot;content_width&quot;:&quot;boxed&quot;}\" data-core-v316-plus=\"true\">\n\t\t\t\t\t<div class=\"e-con-inner\">\n\t\t\t\t<div class=\"elementor-element elementor-element-6c5265b elementor-widget elementor-widget-text-editor\" data-id=\"6c5265b\" data-element_type=\"widget\" data-widget_type=\"text-editor.default\">\n\t\t\t\t<div class=\"elementor-widget-container\">\n\t\t\t<style>\/*! elementor - v3.18.0 - 20-12-2023 *\/\n.elementor-widget-text-editor.elementor-drop-cap-view-stacked .elementor-drop-cap{background-color:#69727d;color:#fff}.elementor-widget-text-editor.elementor-drop-cap-view-framed .elementor-drop-cap{color:#69727d;border:3px solid;background-color:transparent}.elementor-widget-text-editor:not(.elementor-drop-cap-view-default) .elementor-drop-cap{margin-top:8px}.elementor-widget-text-editor:not(.elementor-drop-cap-view-default) .elementor-drop-cap-letter{width:1em;height:1em}.elementor-widget-text-editor .elementor-drop-cap{float:left;text-align:center;line-height:1;font-size:50px}.elementor-widget-text-editor .elementor-drop-cap-letter{display:inline-block}<\/style>\t\t\t\t<p>Elektrik pano proje dan\u0131\u015fmanl\u0131\u011f\u0131, bir elektrik sistemi i\u00e7in gerekli olan panonun tasar\u0131m\u0131, montaj\u0131, i\u015fletilmesi, bak\u0131m\u0131 ve geli\u015ftirilmesi s\u00fcre\u00e7lerinde uzmanl\u0131k sa\u011flamay\u0131 i\u00e7erir. Bu hizmet, m\u00fc\u015fterinin ihtiya\u00e7lar\u0131na uygun, g\u00fcvenli ve verimli bir elektrik panosu sistemi olu\u015fturmay\u0131 ama\u00e7lar. Elektrik pano proje dan\u0131\u015fmanl\u0131\u011f\u0131 genellikle \u015fu ad\u0131mlar\u0131 i\u00e7erir:<\/p><p><strong>\u0130htiya\u00e7 Analizi:<\/strong><\/p><ul><li style=\"list-style-type: none;\"><ul><li>M\u00fc\u015fterinin ihtiya\u00e7lar\u0131 belirlenir. Elektrik panosu ne ama\u00e7la kullan\u0131lacak, hangi ekipmanlar\u0131 i\u00e7erecek, hangi g\u00fcvenlik standartlar\u0131na uymas\u0131 gerekecek gibi sorular de\u011ferlendirilir.<\/li><\/ul><\/li><\/ul><p><strong>Proje Planlamas\u0131:<\/strong><\/p><ul><li style=\"list-style-type: none;\"><ul><li>Belirlenen ihtiya\u00e7lar do\u011frultusunda bir proje plan\u0131 olu\u015fturulur.<\/li><li>Proje plan\u0131, tasar\u0131m, montaj, test ve devreye alma a\u015famalar\u0131n\u0131 i\u00e7erir.<\/li><\/ul><\/li><\/ul><p><strong>Tasar\u0131m:<\/strong><\/p><ul><li style=\"list-style-type: none;\"><ul><li>Elektrik panosunun tasar\u0131m\u0131 yap\u0131l\u0131r.<\/li><li>Elemanlar\u0131n se\u00e7imi, ba\u011flant\u0131 \u015femalar\u0131, boyutland\u0131rma ve g\u00fcvenlik \u00f6nlemleri tasar\u0131m a\u015famas\u0131nda de\u011ferlendirilir.<\/li><\/ul><\/li><\/ul><p><strong>M\u00fchendislik Hizmetleri:<\/strong><\/p><ul><li style=\"list-style-type: none;\"><ul><li>Elektrik panosu i\u00e7in gerekli m\u00fchendislik hesaplamalar\u0131 ve analizleri yap\u0131l\u0131r.<\/li><li>Elektrik g\u00fc\u00e7 hesaplamalar\u0131, kablo kesit hesaplamalar\u0131 gibi teknik detaylar de\u011ferlendirilir.<\/li><\/ul><\/li><\/ul><p><strong>Malzeme Se\u00e7imi ve Tedarik:<\/strong><\/p><ul><li style=\"list-style-type: none;\"><ul><li>Projenin gerektirdi\u011fi malzemeler belirlenir ve tedarik edilir.<\/li><li>Malzemelerin kalitesi, dayan\u0131kl\u0131l\u0131\u011f\u0131 ve uygunlu\u011fu g\u00f6z \u00f6n\u00fcnde bulundurulur.<\/li><\/ul><\/li><\/ul><p><strong>Montaj ve Devreye Alma:<\/strong><\/p><ul><li style=\"list-style-type: none;\"><ul><li>Elektrik panosu montaj\u0131 ger\u00e7ekle\u015ftirilir.<\/li><li>Devreye alma s\u00fcreci planlan\u0131r ve uygulan\u0131r.<\/li><\/ul><\/li><\/ul><p><strong>Test ve Onay:<\/strong><\/p><ul><li style=\"list-style-type: none;\"><ul><li>Elektrik panosu test edilir ve i\u015flevselli\u011fi onaylan\u0131r.<\/li><li>Gerekli test ekipmanlar\u0131 kullan\u0131larak performans kontrol\u00fc yap\u0131l\u0131r.<\/li><\/ul><\/li><\/ul><p><strong>Belgelendirme ve E\u011fitim:<\/strong><\/p><ul><li style=\"list-style-type: none;\"><ul><li>Projenin tamamlanmas\u0131yla birlikte belgelendirme yap\u0131l\u0131r.<\/li><li>Kullan\u0131c\u0131lar i\u00e7in gerekli e\u011fitimler verilir.<\/li><\/ul><\/li><\/ul><p><strong>\u0130\u015fletme ve Bak\u0131m Stratejileri:<\/strong><\/p><ul><li style=\"list-style-type: none;\"><ul><li>Elektrik panosu i\u00e7in i\u015fletme ve bak\u0131m stratejileri belirlenir.<\/li><li>Periyodik bak\u0131m planlar\u0131 olu\u015fturulur.<\/li><\/ul><\/li><\/ul><p>Elektrik pano proje dan\u0131\u015fmanl\u0131\u011f\u0131, m\u00fc\u015fteri ihtiya\u00e7lar\u0131na uygun, g\u00fcvenli ve verimli bir elektrik panosu sistemi olu\u015fturmak ad\u0131na geni\u015f bir m\u00fchendislik ve teknik bilgi gerektirir. Uzmanl\u0131k, yerel ve ulusal g\u00fcvenlik standartlar\u0131na uygunluk ve g\u00fcncel teknoloji kullan\u0131m\u0131, ba\u015far\u0131l\u0131 bir elektrik pano projesi i\u00e7in \u00f6nemlidir.<\/p>\t\t\t\t\t\t<\/div>\n\t\t\t\t<\/div>\n\t\t\t\t<div class=\"elementor-element elementor-element-5c38eef elementor-widget elementor-widget-gallery\" data-id=\"5c38eef\" data-element_type=\"widget\" data-settings=\"{&quot;overlay_title&quot;:&quot;title&quot;,&quot;overlay_description&quot;:&quot;alt&quot;,&quot;lazyload&quot;:&quot;yes&quot;,&quot;gallery_layout&quot;:&quot;grid&quot;,&quot;columns&quot;:4,&quot;columns_tablet&quot;:2,&quot;columns_mobile&quot;:1,&quot;gap&quot;:{&quot;unit&quot;:&quot;px&quot;,&quot;size&quot;:10,&quot;sizes&quot;:[]},&quot;gap_tablet&quot;:{&quot;unit&quot;:&quot;px&quot;,&quot;size&quot;:10,&quot;sizes&quot;:[]},&quot;gap_mobile&quot;:{&quot;unit&quot;:&quot;px&quot;,&quot;size&quot;:10,&quot;sizes&quot;:[]},&quot;link_to&quot;:&quot;file&quot;,&quot;aspect_ratio&quot;:&quot;3:2&quot;,&quot;overlay_background&quot;:&quot;yes&quot;,&quot;content_hover_animation&quot;:&quot;fade-in&quot;}\" data-widget_type=\"gallery.default\">\n\t\t\t\t<div class=\"elementor-widget-container\">\n\t\t\t<style>\/*! elementor-pro - v3.18.0 - 20-12-2023 *\/\n.elementor-gallery__container{min-height:1px}.elementor-gallery-item{position:relative;overflow:hidden;display:block;text-decoration:none;border:solid var(--image-border-width) var(--image-border-color);border-radius:var(--image-border-radius)}.elementor-gallery-item__content,.elementor-gallery-item__overlay{height:100%;width:100%;position:absolute;top:0;left:0}.elementor-gallery-item__overlay{mix-blend-mode:var(--overlay-mix-blend-mode);transition-duration:var(--overlay-transition-duration);transition-property:mix-blend-mode,transform,opacity,background-color}.elementor-gallery-item__image.e-gallery-image{transition-duration:var(--image-transition-duration);transition-property:filter,transform}.elementor-gallery-item__content{display:flex;flex-direction:column;justify-content:var(--content-justify-content,center);align-items:center;text-align:var(--content-text-align);padding:var(--content-padding)}.elementor-gallery-item__content>div{transition-duration:var(--content-transition-duration)}.elementor-gallery-item__content.elementor-gallery--sequenced-animation>div:nth-child(2){transition-delay:calc(var(--content-transition-delay) \/ 3)}.elementor-gallery-item__content.elementor-gallery--sequenced-animation>div:nth-child(3){transition-delay:calc(var(--content-transition-delay) \/ 3 * 2)}.elementor-gallery-item__content.elementor-gallery--sequenced-animation>div:nth-child(4){transition-delay:calc(var(--content-transition-delay) \/ 3 * 3)}.elementor-gallery-item__description{color:var(--description-text-color,#fff);width:100%}.elementor-gallery-item__title{color:var(--title-text-color,#fff);font-weight:700;width:100%}.elementor-gallery__titles-container{display:flex;flex-wrap:wrap;justify-content:var(--titles-container-justify-content,center);margin-bottom:20px}.elementor-gallery__titles-container:not(.e--pointer-framed) .elementor-item:after,.elementor-gallery__titles-container:not(.e--pointer-framed) .elementor-item:before{background-color:var(--galleries-pointer-bg-color-hover)}.elementor-gallery__titles-container:not(.e--pointer-framed) .elementor-item.elementor-item-active:after,.elementor-gallery__titles-container:not(.e--pointer-framed) .elementor-item.elementor-item-active:before{background-color:var(--galleries-pointer-bg-color-active)}.elementor-gallery__titles-container.e--pointer-framed .elementor-item:before{border-color:var(--galleries-pointer-bg-color-hover);border-width:var(--galleries-pointer-border-width)}.elementor-gallery__titles-container.e--pointer-framed .elementor-item:after{border-color:var(--galleries-pointer-bg-color-hover)}.elementor-gallery__titles-container.e--pointer-framed .elementor-item.elementor-item-active:after,.elementor-gallery__titles-container.e--pointer-framed .elementor-item.elementor-item-active:before{border-color:var(--galleries-pointer-bg-color-active)}.elementor-gallery__titles-container.e--pointer-framed.e--animation-draw .elementor-item:before{border-left-width:var(--galleries-pointer-border-width);border-bottom-width:var(--galleries-pointer-border-width);border-right-width:0;border-top-width:0}.elementor-gallery__titles-container.e--pointer-framed.e--animation-draw .elementor-item:after{border-left-width:0;border-bottom-width:0;border-right-width:var(--galleries-pointer-border-width);border-top-width:var(--galleries-pointer-border-width)}.elementor-gallery__titles-container.e--pointer-framed.e--animation-corners .elementor-item:before{border-left-width:var(--galleries-pointer-border-width);border-bottom-width:0;border-right-width:0;border-top-width:var(--galleries-pointer-border-width)}.elementor-gallery__titles-container.e--pointer-framed.e--animation-corners .elementor-item:after{border-left-width:0;border-bottom-width:var(--galleries-pointer-border-width);border-right-width:var(--galleries-pointer-border-width);border-top-width:0}.elementor-gallery__titles-container .e--pointer-double-line .elementor-item:after,.elementor-gallery__titles-container .e--pointer-double-line .elementor-item:before,.elementor-gallery__titles-container .e--pointer-overline .elementor-item:before,.elementor-gallery__titles-container .e--pointer-underline .elementor-item:after{height:var(--galleries-pointer-border-width)}.elementor-gallery-title{--space-between:10px;cursor:pointer;color:#6d7882;font-weight:500;position:relative;padding:7px 14px;transition:all .3s}.elementor-gallery-title--active{color:#495157}.elementor-gallery-title:not(:last-child){margin-right:var(--space-between)}.elementor-gallery-item__title+.elementor-gallery-item__description{margin-top:var(--description-margin-top)}.e-gallery-item.elementor-gallery-item{transition-property:all}.e-gallery-item.elementor-animated-content .elementor-animated-item--enter-from-bottom,.e-gallery-item.elementor-animated-content .elementor-animated-item--enter-from-left,.e-gallery-item.elementor-animated-content .elementor-animated-item--enter-from-right,.e-gallery-item.elementor-animated-content .elementor-animated-item--enter-from-top,.e-gallery-item:focus .elementor-gallery__item-overlay-bg,.e-gallery-item:focus .elementor-gallery__item-overlay-content,.e-gallery-item:focus .elementor-gallery__item-overlay-content__description,.e-gallery-item:focus .elementor-gallery__item-overlay-content__title,.e-gallery-item:hover .elementor-gallery__item-overlay-bg,.e-gallery-item:hover .elementor-gallery__item-overlay-content,.e-gallery-item:hover .elementor-gallery__item-overlay-content__description,.e-gallery-item:hover .elementor-gallery__item-overlay-content__title{opacity:1}a.elementor-item.elementor-gallery-title{color:var(--galleries-title-color-normal)}a.elementor-item.elementor-gallery-title.elementor-item-active,a.elementor-item.elementor-gallery-title.highlighted,a.elementor-item.elementor-gallery-title:focus,a.elementor-item.elementor-gallery-title:hover{color:var(--galleries-title-color-hover)}a.elementor-item.elementor-gallery-title.elementor-item-active{color:var(--gallery-title-color-active)}.e-con-inner>.elementor-widget-gallery,.e-con>.elementor-widget-gallery{width:var(--container-widget-width);--flex-grow:var(--container-widget-flex-grow)}<\/style>\t\t<div class=\"elementor-gallery__container\">\n\t\t\t\t\t\t\t<a class=\"e-gallery-item elementor-gallery-item elementor-animated-content\" href=\"https:\/\/www.impatek.com.tr\/wp-content\/uploads\/2024\/01\/Fiyat-Teklifi.jpg\" data-elementor-open-lightbox=\"yes\" data-elementor-lightbox-slideshow=\"5c38eef\" data-elementor-lightbox-title=\"Fiyat Teklifi\" data-elementor-lightbox-description=\"Fiyat Teklifi\" data-e-action-hash=\"#elementor-action%3Aaction%3Dlightbox%26settings%3DeyJpZCI6NDg1OTksInVybCI6Imh0dHBzOlwvXC93d3cuaW1wYXRlay5jb20udHJcL3dwLWNvbnRlbnRcL3VwbG9hZHNcLzIwMjRcLzAxXC9GaXlhdC1UZWtsaWZpLmpwZyIsInNsaWRlc2hvdyI6IjVjMzhlZWYifQ%3D%3D\">\n\t\t\t\t\t<div class=\"e-gallery-image elementor-gallery-item__image\" data-thumbnail=\"https:\/\/www.impatek.com.tr\/wp-content\/uploads\/2024\/01\/Fiyat-Teklifi-300x125.jpg\" data-width=\"300\" data-height=\"125\" aria-label=\"\" role=\"img\" ><\/div>\n\t\t\t\t\t\t\t\t\t\t\t<div class=\"elementor-gallery-item__overlay\"><\/div>\n\t\t\t\t\t\t\t\t\t\t\t\t\t\t\t<div class=\"elementor-gallery-item__content\">\n\t\t\t\t\t\t\t\t\t\t\t\t\t\t<div class=\"elementor-gallery-item__title\">\n\t\t\t\t\t\t\t\t\t\t\t\t\t\t\t\t\t\tFiyat Teklifi\t\t\t\t\t\t\t\t<\/div>\n\t\t\t\t\t\t\t\t\t\t\t\t<\/div>\n\t\t\t\t\t\t\t\t\t<\/a>\n\t\t\t\t\t\t\t<a class=\"e-gallery-item elementor-gallery-item elementor-animated-content\" href=\"https:\/\/www.impatek.com.tr\/wp-content\/uploads\/2024\/01\/Kumanda-Projesi.jpg\" data-elementor-open-lightbox=\"yes\" data-elementor-lightbox-slideshow=\"5c38eef\" data-elementor-lightbox-title=\"Kumanda Projesi\" data-elementor-lightbox-description=\"Kumanda Projesi\" data-e-action-hash=\"#elementor-action%3Aaction%3Dlightbox%26settings%3DeyJpZCI6NDg2MDAsInVybCI6Imh0dHBzOlwvXC93d3cuaW1wYXRlay5jb20udHJcL3dwLWNvbnRlbnRcL3VwbG9hZHNcLzIwMjRcLzAxXC9LdW1hbmRhLVByb2plc2kuanBnIiwic2xpZGVzaG93IjoiNWMzOGVlZiJ9\">\n\t\t\t\t\t<div class=\"e-gallery-image elementor-gallery-item__image\" data-thumbnail=\"https:\/\/www.impatek.com.tr\/wp-content\/uploads\/2024\/01\/Kumanda-Projesi-300x298.jpg\" data-width=\"300\" data-height=\"298\" aria-label=\"\" role=\"img\" ><\/div>\n\t\t\t\t\t\t\t\t\t\t\t<div class=\"elementor-gallery-item__overlay\"><\/div>\n\t\t\t\t\t\t\t\t\t\t\t\t\t\t\t<div class=\"elementor-gallery-item__content\">\n\t\t\t\t\t\t\t\t\t\t\t\t\t\t<div class=\"elementor-gallery-item__title\">\n\t\t\t\t\t\t\t\t\t\t\t\t\t\t\t\t\t\tKumanda Projesi\t\t\t\t\t\t\t\t<\/div>\n\t\t\t\t\t\t\t\t\t\t\t\t<\/div>\n\t\t\t\t\t\t\t\t\t<\/a>\n\t\t\t\t\t\t\t<a class=\"e-gallery-item elementor-gallery-item elementor-animated-content\" href=\"https:\/\/www.impatek.com.tr\/wp-content\/uploads\/2024\/01\/Pano-gorunus-2D.jpg\" data-elementor-open-lightbox=\"yes\" data-elementor-lightbox-slideshow=\"5c38eef\" data-elementor-lightbox-title=\"Pano g\u00f6r\u00fcn\u00fc\u015f 2D\" data-elementor-lightbox-description=\"Pano g\u00f6r\u00fcn\u00fc\u015f 2D\" data-e-action-hash=\"#elementor-action%3Aaction%3Dlightbox%26settings%3DeyJpZCI6NDg2MDEsInVybCI6Imh0dHBzOlwvXC93d3cuaW1wYXRlay5jb20udHJcL3dwLWNvbnRlbnRcL3VwbG9hZHNcLzIwMjRcLzAxXC9QYW5vLWdvcnVudXMtMkQuanBnIiwic2xpZGVzaG93IjoiNWMzOGVlZiJ9\">\n\t\t\t\t\t<div class=\"e-gallery-image elementor-gallery-item__image\" data-thumbnail=\"https:\/\/www.impatek.com.tr\/wp-content\/uploads\/2024\/01\/Pano-gorunus-2D-300x190.jpg\" data-width=\"300\" data-height=\"190\" aria-label=\"\" role=\"img\" ><\/div>\n\t\t\t\t\t\t\t\t\t\t\t<div class=\"elementor-gallery-item__overlay\"><\/div>\n\t\t\t\t\t\t\t\t\t\t\t\t\t\t\t<div class=\"elementor-gallery-item__content\">\n\t\t\t\t\t\t\t\t\t\t\t\t\t\t<div class=\"elementor-gallery-item__title\">\n\t\t\t\t\t\t\t\t\t\t\t\t\t\t\t\t\t\tPano g\u00f6r\u00fcn\u00fc\u015f 2D\t\t\t\t\t\t\t\t<\/div>\n\t\t\t\t\t\t\t\t\t\t\t\t<\/div>\n\t\t\t\t\t\t\t\t\t<\/a>\n\t\t\t\t\t<\/div>\n\t\t\t<\/div>\n\t\t\t\t<\/div>\n\t\t\t\t\t<\/div>\n\t\t\t\t<\/div>\n\t\t\t\t\t\t\t<\/div>\n\t\t","protected":false},"excerpt":{"rendered":"<p>Elektrik pano proje dan\u0131\u015fmanl\u0131\u011f\u0131, bir elektrik sistemi i\u00e7in gerekli olan panonun tasar\u0131m\u0131, montaj\u0131, i\u015fletilmesi, bak\u0131m\u0131 ve geli\u015ftirilmesi s\u00fcre\u00e7lerinde uzmanl\u0131k sa\u011flamay\u0131&#8230;<\/p>\n","protected":false},"author":1,"featured_media":0,"parent":48484,"menu_order":0,"comment_status":"closed","ping_status":"closed","template":"","meta":{"footnotes":""},"class_list":["post-48495","page","type-page","status-publish","hentry"],"_links":{"self":[{"href":"https:\/\/www.impatek.com.tr\/index.php\/wp-json\/wp\/v2\/pages\/48495","targetHints":{"allow":["GET"]}}],"collection":[{"href":"https:\/\/www.impatek.com.tr\/index.php\/wp-json\/wp\/v2\/pages"}],"about":[{"href":"https:\/\/www.impatek.com.tr\/index.php\/wp-json\/wp\/v2\/types\/page"}],"author":[{"embeddable":true,"href":"https:\/\/www.impatek.com.tr\/index.php\/wp-json\/wp\/v2\/users\/1"}],"replies":[{"embeddable":true,"href":"https:\/\/www.impatek.com.tr\/index.php\/wp-json\/wp\/v2\/comments?post=48495"}],"version-history":[{"count":8,"href":"https:\/\/www.impatek.com.tr\/index.php\/wp-json\/wp\/v2\/pages\/48495\/revisions"}],"predecessor-version":[{"id":48627,"href":"https:\/\/www.impatek.com.tr\/index.php\/wp-json\/wp\/v2\/pages\/48495\/revisions\/48627"}],"up":[{"embeddable":true,"href":"https:\/\/www.impatek.com.tr\/index.php\/wp-json\/wp\/v2\/pages\/48484"}],"wp:attachment":[{"href":"https:\/\/www.impatek.com.tr\/index.php\/wp-json\/wp\/v2\/media?parent=48495"}],"curies":[{"name":"wp","href":"https:\/\/api.w.org\/{rel}","templated":true}]}}