{"id":48482,"date":"2024-01-22T21:02:27","date_gmt":"2024-01-22T18:02:27","guid":{"rendered":"https:\/\/alfa-tasarim.com.tr\/impatek\/?page_id=48482"},"modified":"2024-01-22T21:06:42","modified_gmt":"2024-01-22T18:06:42","slug":"kurumsal","status":"publish","type":"page","link":"https:\/\/www.impatek.com.tr\/index.php\/kurumsal\/","title":{"rendered":"KURUMSAL"},"content":{"rendered":"\t\t<div data-elementor-type=\"wp-page\" data-elementor-id=\"48482\" class=\"elementor elementor-48482\" data-elementor-post-type=\"page\">\n\t\t\t\t\t\t\t\t\t<section class=\"elementor-section elementor-top-section elementor-element elementor-element-a74ae4e elementor-section-stretched elementor-section-boxed elementor-section-height-default elementor-section-height-default tm-col-stretched-none tm-bg-color-over-image\" data-id=\"a74ae4e\" data-element_type=\"section\" data-settings=\"{&quot;stretch_section&quot;:&quot;section-stretched&quot;,&quot;background_background&quot;:&quot;classic&quot;}\">\n\t\t\t\t\t\t\t<div class=\"elementor-background-overlay\"><\/div>\n\t\t\t\t\t\t\t<div class=\"elementor-container elementor-column-gap-extended\">\n\t\t\t\t\t<div class=\"elementor-column elementor-col-33 elementor-top-column elementor-element elementor-element-b052adc tm-bg-color-over-image\" data-id=\"b052adc\" data-element_type=\"column\">\n\t\t\t<div class=\"elementor-widget-wrap elementor-element-populated\">\n\t\t\t\t\t\t\t\t<div class=\"elementor-element elementor-element-240c2a6 elementor-widget elementor-widget-tm-ele-animated-layers\" data-id=\"240c2a6\" data-element_type=\"widget\" data-widget_type=\"tm-ele-animated-layers.default\">\n\t\t\t\t<div class=\"elementor-widget-container\">\n\t\t\t\t\t<div class=\"tm-sc-animated-layer-advanced \">\r\n\t\t\t<div class=\"animated-layer-advanced-inner clearfix\">\r\n\t\r\n<div class=\"layer-image-wrapper layer-image  layer-image-fullwidth elementor-repeater-item-f32edfc\" style=\"\">\r\n\t<div class=\"layer-inner layer-image  \">\r\n\t\t<div class=\"layer-image-inner-wrapper image-hover-effect-shine\">\r\n\t\t\t<img fetchpriority=\"high\" decoding=\"async\" class=\"\" src=\"https:\/\/www.impatek.com.tr\/wp-content\/uploads\/2022\/12\/bg5-600x800.jpg\" width=\"600\" height=\"800\" alt=\"Image\">\r\n\t\t<\/div>\r\n\t<\/div>\r\n<\/div>\r\n\r\n<div class=\"layer-image-wrapper layer-image  layer-image-fullwidth elementor-repeater-item-a895a5f\" style=\"\">\r\n\t<div class=\"layer-inner layer-image  \">\r\n\t\t<div class=\"layer-image-inner-wrapper image-hover-effect-shine\">\r\n\t\t\t<img decoding=\"async\" class=\"\" src=\"https:\/\/www.impatek.com.tr\/wp-content\/uploads\/2024\/01\/dr-672x448.jpg\" width=\"672\" height=\"448\" alt=\"Image\">\r\n\t\t<\/div>\r\n\t<\/div>\r\n<\/div>\r\n<div class=\"layer-image-wrapper  layer-blank  elementor-repeater-item-6de40a6\" style=\"\">\r\n\t<div class=\"layer-inner\">\r\n\t<\/div>\r\n<\/div>\r\n<div class=\"layer-image-wrapper  layer-blank  elementor-repeater-item-cbe00d6\" style=\"\">\r\n\t<div class=\"layer-inner\">\r\n\t<\/div>\r\n<\/div>\r\n\t\t\t<\/div>\r\n\t\t\t<div class=\"clearfix\"><\/div>\r\n\t\t<\/div>\r\n\t\t\t<\/div>\n\t\t\t\t<\/div>\n\t\t\t\t\t<\/div>\n\t\t<\/div>\n\t\t\t\t<div class=\"elementor-column elementor-col-33 elementor-top-column elementor-element elementor-element-3377d74 tm-bg-color-over-image\" data-id=\"3377d74\" data-element_type=\"column\">\n\t\t\t<div class=\"elementor-widget-wrap\">\n\t\t\t\t\t\t\t\t\t<\/div>\n\t\t<\/div>\n\t\t\t\t<div class=\"elementor-column elementor-col-33 elementor-top-column elementor-element elementor-element-17d1d80 tm-bg-color-over-image\" data-id=\"17d1d80\" data-element_type=\"column\">\n\t\t\t<div class=\"elementor-widget-wrap elementor-element-populated\">\n\t\t\t\t\t\t\t\t<div class=\"elementor-element elementor-element-3b9d143 horizontal-line-align-left vertical-line-align-bottom elementor-widget elementor-widget-tm-ele-section-title\" data-id=\"3b9d143\" data-element_type=\"widget\" data-widget_type=\"tm-ele-section-title.default\">\n\t\t\t\t<div class=\"elementor-widget-container\">\n\t\t\t<div class=\"tm-sc-section-title section-title \">\r\n\t<div class=\"title-wrapper\">\r\n\t\t\t\t\t\t\t<h2 class=\"title \">\r\n\r\n\t\t\r\n\t\t\t\t<span class=\"title-part1 \">M\u00fc\u015fterilerimize en son teknolojiyi kullanarak \u00f6zel \u00e7\u00f6z\u00fcmler sunmaktan gurur duyuyoruz.<\/span>\r\n\t\t\t\t\r\n\t\t\r\n\t<\/h2>\r\n\t<div class=\"title-seperator-line\"><\/div>\t\t\t\t\t\t<\/div>\r\n<\/div>\t\t<\/div>\n\t\t\t\t<\/div>\n\t\t\t\t<div class=\"elementor-element elementor-element-4ebedac elementor-widget elementor-widget-tm-ele-text-editor\" data-id=\"4ebedac\" data-element_type=\"widget\" data-widget_type=\"tm-ele-text-editor.default\">\n\t\t\t\t<div class=\"elementor-widget-container\">\n\t\t\t\t\t<div class=\"tm-text-editor\">\r\n\t\t<p>Impatek Elektrik Pano Ltd. \u015eti. 2022 y\u0131l\u0131nda Elektrik , elektronik , enerji, otomasyon ve end\u00fcstriyel \u00e7\u00f6z\u00fcmler konusunda hizmet vermek \u00fczere kuruldu.<\/p><p>Kurulu\u015fumuz, elektrik-elektronik sistemleri proje tasar\u0131m\u0131, m\u00fchendislik hizmetleri, yaz\u0131l\u0131m deste\u011fi, anahtar teslim proje sunumu, her t\u00fcrde al\u00e7ak gerilim elektrik panolar\u0131 imalat\u0131 konular\u0131nda uzman m\u00fchendis, teknisyen, tekniker ve yaz\u0131l\u0131m ekibi ile 25 y\u0131l\u0131 a\u015fan tecr\u00fcbesiyle ba\u015far\u0131yla hizmet sunmaktad\u0131r. Bug\u00fcne dek yurt i\u00e7inde ve yurt d\u0131\u015f\u0131nda s\u00fcrd\u00fcrd\u00fc\u011f\u00fc faaliyetleriyle, ba\u015far\u0131yla tamamlanm\u0131\u015f bir \u00e7ok projeye imza atm\u0131\u015ft\u0131r.<\/p><p>Gen\u00e7 ve dinamik kadrosu ile sekt\u00f6rel tecr\u00fcbesini teknolojiyi yak\u0131ndan takip etme duyarl\u0131l\u0131\u011f\u0131 ile birle\u015ftiren firmam\u0131z, bu sekt\u00f6rdeki faaliyetlerini do\u011frusal bir art\u0131\u015f grafi\u011fi ile s\u00fcrd\u00fcrmektedir.<\/p><p><strong>Vizyonumuz:<\/strong><span> Teknolojik ilerleme ve m\u00fc\u015fteri memnuniyeti odakl\u0131 vizyonumuzla, end\u00fcstriyel sekt\u00f6rlerde s\u00fcrd\u00fcr\u00fclebilirli\u011fi sa\u011flamak, verimlili\u011fi art\u0131rmak ve inovasyonu te\u015fvik etmek amac\u0131nday\u0131z.<\/span><\/p><p><strong>Kalite Politikam\u0131z:<\/strong><span> M\u00fc\u015fteri memnuniyetini \u00f6n planda tutan anlay\u0131\u015f\u0131m\u0131zla, y\u00fcksek kaliteli \u00fcr\u00fcn ve hizmetler sunmak i\u00e7in s\u00fcrekli olarak iyile\u015fmeye ve geli\u015fmeye odaklan\u0131yoruz.<\/span><\/p>\t\t<\/div>\r\n\t\t\t<\/div>\n\t\t\t\t<\/div>\n\t\t\t\t\t<\/div>\n\t\t<\/div>\n\t\t\t\t\t\t\t<\/div>\n\t\t<\/section>\n\t\t\t\t\t\t\t<\/div>\n\t\t","protected":false},"excerpt":{"rendered":"<p>M\u00fc\u015fterilerimize en son teknolojiyi kullanarak \u00f6zel \u00e7\u00f6z\u00fcmler sunmaktan gurur duyuyoruz. Impatek Elektrik Pano Ltd. \u015eti. 2022 y\u0131l\u0131nda Elektrik , elektronik&#8230;<\/p>\n","protected":false},"author":1,"featured_media":0,"parent":0,"menu_order":0,"comment_status":"closed","ping_status":"closed","template":"","meta":{"footnotes":""},"class_list":["post-48482","page","type-page","status-publish","hentry"],"_links":{"self":[{"href":"https:\/\/www.impatek.com.tr\/index.php\/wp-json\/wp\/v2\/pages\/48482","targetHints":{"allow":["GET"]}}],"collection":[{"href":"https:\/\/www.impatek.com.tr\/index.php\/wp-json\/wp\/v2\/pages"}],"about":[{"href":"https:\/\/www.impatek.com.tr\/index.php\/wp-json\/wp\/v2\/types\/page"}],"author":[{"embeddable":true,"href":"https:\/\/www.impatek.com.tr\/index.php\/wp-json\/wp\/v2\/users\/1"}],"replies":[{"embeddable":true,"href":"https:\/\/www.impatek.com.tr\/index.php\/wp-json\/wp\/v2\/comments?post=48482"}],"version-history":[{"count":4,"href":"https:\/\/www.impatek.com.tr\/index.php\/wp-json\/wp\/v2\/pages\/48482\/revisions"}],"predecessor-version":[{"id":48517,"href":"https:\/\/www.impatek.com.tr\/index.php\/wp-json\/wp\/v2\/pages\/48482\/revisions\/48517"}],"wp:attachment":[{"href":"https:\/\/www.impatek.com.tr\/index.php\/wp-json\/wp\/v2\/media?parent=48482"}],"curies":[{"name":"wp","href":"https:\/\/api.w.org\/{rel}","templated":true}]}}